{"id":196,"date":"2022-12-14T19:20:16","date_gmt":"2022-12-14T18:20:16","guid":{"rendered":"https:\/\/bergler-schloessl.com\/?page_id=196"},"modified":"2024-10-06T20:33:45","modified_gmt":"2024-10-06T18:33:45","slug":"events","status":"publish","type":"page","link":"http:\/\/bergler-schloessl.com\/?page_id=196","title":{"rendered":"Events"},"content":{"rendered":"\n<p>Bevorstehende Termine &amp; Events:<\/p>\n\n\n\n<p><strong>MIETEN SIE DAS BERGLER SCHL\u00d6SSL F\u00dcR IHRE FEIER<\/strong><\/p>\n\n\n\n<p>Derzeit sind keine Events geplant. Sie k\u00f6nnen jedoch die R\u00e4umlichkeiten des Bergler Schl\u00f6ssl mieten. K\u00fcche und Bar steht Ihnen zur Verf\u00fcgung.  <\/p>\n\n\n\n<div class=\"wp-container-3 wp-block-columns are-vertically-aligned-center\">\n<div class=\"wp-container-2 wp-block-column is-vertically-aligned-center\" style=\"flex-basis:100%\">\n<div class=\"wp-container-1 wp-block-group\"><div class=\"wp-block-group__inner-container\"><\/div><\/div>\n<\/div>\n<\/div>\n\n\n\n<p><\/p>\n\n\n\n<p><\/p>\n","protected":false},"excerpt":{"rendered":"<p>Bevorstehende Termine &amp; Events: MIETEN SIE DAS BERGLER SCHL\u00d6SSL F\u00dcR IHRE FEIER Derzeit sind keine Events geplant. Sie k\u00f6nnen jedoch die R\u00e4umlichkeiten des Bergler Schl\u00f6ssl mieten. K\u00fcche und Bar steht Ihnen zur Verf\u00fcgung.<\/p>\n","protected":false},"author":1,"featured_media":0,"parent":0,"menu_order":0,"comment_status":"closed","ping_status":"closed","template":"","meta":[],"yoast_head":"<!-- This site is optimized with the Yoast SEO plugin v20.2.1 - https:\/\/yoast.com\/wordpress\/plugins\/seo\/ -->\n<title>Events - Das Bergler Schl\u00f6ssl<\/title>\n<meta name=\"robots\" content=\"index, follow, max-snippet:-1, max-image-preview:large, max-video-preview:-1\" \/>\n<link rel=\"canonical\" href=\"https:\/\/bergler-schloessl.com\/?page_id=196\" \/>\n<meta property=\"og:locale\" content=\"de_DE\" \/>\n<meta property=\"og:type\" content=\"article\" \/>\n<meta property=\"og:title\" content=\"Events - Das Bergler Schl\u00f6ssl\" \/>\n<meta property=\"og:description\" content=\"Bevorstehende Termine &amp; Events: MIETEN SIE DAS BERGLER SCHL\u00d6SSL F\u00dcR IHRE FEIER Derzeit sind keine Events geplant. Sie k\u00f6nnen jedoch die R\u00e4umlichkeiten des Bergler Schl\u00f6ssl mieten. K\u00fcche und Bar steht Ihnen zur Verf\u00fcgung.\" \/>\n<meta property=\"og:url\" content=\"https:\/\/bergler-schloessl.com\/?page_id=196\" \/>\n<meta property=\"og:site_name\" content=\"Das Bergler Schl\u00f6ssl\" \/>\n<meta property=\"article:modified_time\" content=\"2024-10-06T18:33:45+00:00\" \/>\n<meta name=\"twitter:card\" content=\"summary_large_image\" \/>\n<meta name=\"twitter:label1\" content=\"Gesch\u00e4tzte Lesezeit\" \/>\n\t<meta name=\"twitter:data1\" content=\"1 Minute\" \/>\n<script type=\"application\/ld+json\" class=\"yoast-schema-graph\">{\"@context\":\"https:\/\/schema.org\",\"@graph\":[{\"@type\":\"WebPage\",\"@id\":\"https:\/\/bergler-schloessl.com\/?page_id=196\",\"url\":\"https:\/\/bergler-schloessl.com\/?page_id=196\",\"name\":\"Events - Das Bergler Schl\u00f6ssl\",\"isPartOf\":{\"@id\":\"https:\/\/bergler-schloessl.com\/#website\"},\"datePublished\":\"2022-12-14T18:20:16+00:00\",\"dateModified\":\"2024-10-06T18:33:45+00:00\",\"breadcrumb\":{\"@id\":\"https:\/\/bergler-schloessl.com\/?page_id=196#breadcrumb\"},\"inLanguage\":\"de-AT\",\"potentialAction\":[{\"@type\":\"ReadAction\",\"target\":[\"https:\/\/bergler-schloessl.com\/?page_id=196\"]}]},{\"@type\":\"BreadcrumbList\",\"@id\":\"https:\/\/bergler-schloessl.com\/?page_id=196#breadcrumb\",\"itemListElement\":[{\"@type\":\"ListItem\",\"position\":1,\"name\":\"Startseite\",\"item\":\"https:\/\/bergler-schloessl.com\/\"},{\"@type\":\"ListItem\",\"position\":2,\"name\":\"Events\"}]},{\"@type\":\"WebSite\",\"@id\":\"https:\/\/bergler-schloessl.com\/#website\",\"url\":\"https:\/\/bergler-schloessl.com\/\",\"name\":\"Das Bergler Schl\u00f6ssl\",\"description\":\"Kulinarik inmitten von Weinbergen und direkt neben der Aussichtswarte \",\"publisher\":{\"@id\":\"https:\/\/bergler-schloessl.com\/#organization\"},\"potentialAction\":[{\"@type\":\"SearchAction\",\"target\":{\"@type\":\"EntryPoint\",\"urlTemplate\":\"https:\/\/bergler-schloessl.com\/?s={search_term_string}\"},\"query-input\":\"required name=search_term_string\"}],\"inLanguage\":\"de-AT\"},{\"@type\":\"Organization\",\"@id\":\"https:\/\/bergler-schloessl.com\/#organization\",\"name\":\"Das Bergler Schl\u00f6ssl\",\"url\":\"https:\/\/bergler-schloessl.com\/\",\"logo\":{\"@type\":\"ImageObject\",\"inLanguage\":\"de-AT\",\"@id\":\"https:\/\/bergler-schloessl.com\/#\/schema\/logo\/image\/\",\"url\":\"http:\/\/bergler-schloessl.com\/wp-content\/uploads\/2022\/10\/cropped-Logo_BerglerSchloessl_schwarz.png\",\"contentUrl\":\"http:\/\/bergler-schloessl.com\/wp-content\/uploads\/2022\/10\/cropped-Logo_BerglerSchloessl_schwarz.png\",\"width\":286,\"height\":250,\"caption\":\"Das Bergler Schl\u00f6ssl\"},\"image\":{\"@id\":\"https:\/\/bergler-schloessl.com\/#\/schema\/logo\/image\/\"},\"sameAs\":[\"https:\/\/www.instagram.com\/bergler_schloessl\/\"]}]}<\/script>\n<!-- \/ Yoast SEO plugin. -->","yoast_head_json":{"title":"Events - Das Bergler Schl\u00f6ssl","robots":{"index":"index","follow":"follow","max-snippet":"max-snippet:-1","max-image-preview":"max-image-preview:large","max-video-preview":"max-video-preview:-1"},"canonical":"https:\/\/bergler-schloessl.com\/?page_id=196","og_locale":"de_DE","og_type":"article","og_title":"Events - Das Bergler Schl\u00f6ssl","og_description":"Bevorstehende Termine &amp; Events: MIETEN SIE DAS BERGLER SCHL\u00d6SSL F\u00dcR IHRE FEIER Derzeit sind keine Events geplant. Sie k\u00f6nnen jedoch die R\u00e4umlichkeiten des Bergler Schl\u00f6ssl mieten. K\u00fcche und Bar steht Ihnen zur Verf\u00fcgung.","og_url":"https:\/\/bergler-schloessl.com\/?page_id=196","og_site_name":"Das Bergler Schl\u00f6ssl","article_modified_time":"2024-10-06T18:33:45+00:00","twitter_card":"summary_large_image","twitter_misc":{"Gesch\u00e4tzte Lesezeit":"1 Minute"},"schema":{"@context":"https:\/\/schema.org","@graph":[{"@type":"WebPage","@id":"https:\/\/bergler-schloessl.com\/?page_id=196","url":"https:\/\/bergler-schloessl.com\/?page_id=196","name":"Events - Das Bergler Schl\u00f6ssl","isPartOf":{"@id":"https:\/\/bergler-schloessl.com\/#website"},"datePublished":"2022-12-14T18:20:16+00:00","dateModified":"2024-10-06T18:33:45+00:00","breadcrumb":{"@id":"https:\/\/bergler-schloessl.com\/?page_id=196#breadcrumb"},"inLanguage":"de-AT","potentialAction":[{"@type":"ReadAction","target":["https:\/\/bergler-schloessl.com\/?page_id=196"]}]},{"@type":"BreadcrumbList","@id":"https:\/\/bergler-schloessl.com\/?page_id=196#breadcrumb","itemListElement":[{"@type":"ListItem","position":1,"name":"Startseite","item":"https:\/\/bergler-schloessl.com\/"},{"@type":"ListItem","position":2,"name":"Events"}]},{"@type":"WebSite","@id":"https:\/\/bergler-schloessl.com\/#website","url":"https:\/\/bergler-schloessl.com\/","name":"Das Bergler Schl\u00f6ssl","description":"Kulinarik inmitten von Weinbergen und direkt neben der Aussichtswarte ","publisher":{"@id":"https:\/\/bergler-schloessl.com\/#organization"},"potentialAction":[{"@type":"SearchAction","target":{"@type":"EntryPoint","urlTemplate":"https:\/\/bergler-schloessl.com\/?s={search_term_string}"},"query-input":"required name=search_term_string"}],"inLanguage":"de-AT"},{"@type":"Organization","@id":"https:\/\/bergler-schloessl.com\/#organization","name":"Das Bergler Schl\u00f6ssl","url":"https:\/\/bergler-schloessl.com\/","logo":{"@type":"ImageObject","inLanguage":"de-AT","@id":"https:\/\/bergler-schloessl.com\/#\/schema\/logo\/image\/","url":"http:\/\/bergler-schloessl.com\/wp-content\/uploads\/2022\/10\/cropped-Logo_BerglerSchloessl_schwarz.png","contentUrl":"http:\/\/bergler-schloessl.com\/wp-content\/uploads\/2022\/10\/cropped-Logo_BerglerSchloessl_schwarz.png","width":286,"height":250,"caption":"Das Bergler Schl\u00f6ssl"},"image":{"@id":"https:\/\/bergler-schloessl.com\/#\/schema\/logo\/image\/"},"sameAs":["https:\/\/www.instagram.com\/bergler_schloessl\/"]}]}},"_links":{"self":[{"href":"http:\/\/bergler-schloessl.com\/index.php?rest_route=\/wp\/v2\/pages\/196"}],"collection":[{"href":"http:\/\/bergler-schloessl.com\/index.php?rest_route=\/wp\/v2\/pages"}],"about":[{"href":"http:\/\/bergler-schloessl.com\/index.php?rest_route=\/wp\/v2\/types\/page"}],"author":[{"embeddable":true,"href":"http:\/\/bergler-schloessl.com\/index.php?rest_route=\/wp\/v2\/users\/1"}],"replies":[{"embeddable":true,"href":"http:\/\/bergler-schloessl.com\/index.php?rest_route=%2Fwp%2Fv2%2Fcomments&post=196"}],"version-history":[{"count":95,"href":"http:\/\/bergler-schloessl.com\/index.php?rest_route=\/wp\/v2\/pages\/196\/revisions"}],"predecessor-version":[{"id":420,"href":"http:\/\/bergler-schloessl.com\/index.php?rest_route=\/wp\/v2\/pages\/196\/revisions\/420"}],"wp:attachment":[{"href":"http:\/\/bergler-schloessl.com\/index.php?rest_route=%2Fwp%2Fv2%2Fmedia&parent=196"}],"curies":[{"name":"wp","href":"https:\/\/api.w.org\/{rel}","templated":true}]}}