{"id":154,"date":"2022-10-23T23:30:26","date_gmt":"2022-10-23T21:30:26","guid":{"rendered":"http:\/\/bergler-schloessl.com\/?page_id=154"},"modified":"2024-10-07T00:47:14","modified_gmt":"2024-10-06T22:47:14","slug":"ueber-uns-2","status":"publish","type":"page","link":"http:\/\/bergler-schloessl.com\/?page_id=154","title":{"rendered":"\u00dcber uns"},"content":{"rendered":"\n<p>Unser \u201eBergler Schl\u00f6ssl\u201c liegt in Perbersdorfberg am Steinriegl am Fu\u00dfe der Weinwarte, die im Jahre 2004 von der Marktgemeinde St. Peter am Ottersbach errichtet wurde. In diesem Jahr er\u00f6ffneten wir auch unser Wirtshaus, das als Familienbetrieb gef\u00fchrt wird. Das Haus liegt inmitten von Weing\u00e4rten und kann neben dem Auto auch \u00fcber zwei Wanderwege erreicht werden, der Fred Strohmaier \u2013 Weg und der Kalvarienberg \u2013 Weinweg f\u00fchren an unserem Wirtshaus vorbei.<\/p>\n\n\n\n<p>Gekocht wird mit regionalen Zutaten. Unsere G\u00e4ste erwartet exklusive, sowie klassische Speisen. Wir wechseln unsere <a href=\"https:\/\/bergler-schloessl.com\/wp-content\/uploads\/2022\/10\/Speisekarte-scaled.jpg\">Speisekarte<\/a> saisonal, weshalb sich ein Besuch im Bergler Schl\u00f6ssl immer wieder lohnt. Besondere Schmankerl gibt es im Laufe des Jahres, wie beispielsweise die Grillabende im Sommer, die Wildspezialit\u00e4ten im Herbst, Ganslbraten und viel mehr\u2026 Neben regionalen Produkten stammt nat\u00fcrlich der Wein von den besten Weinbauern aus der Weinregion um St. Peter am Ottersbach. <\/p>\n\n\n\n<figure class=\"wp-block-image size-large\"><a href=\"https:\/\/bergler-schloessl.com\/wp-content\/uploads\/2022\/10\/DSC04787-scaled.jpg\"><img loading=\"lazy\" width=\"1024\" height=\"683\" src=\"http:\/\/bergler-schloessl.com\/wp-content\/uploads\/2022\/10\/DSC04787-1024x683.jpg\" alt=\"\" class=\"wp-image-96\" srcset=\"http:\/\/bergler-schloessl.com\/wp-content\/uploads\/2022\/10\/DSC04787-1024x683.jpg 1024w, http:\/\/bergler-schloessl.com\/wp-content\/uploads\/2022\/10\/DSC04787-300x200.jpg 300w, http:\/\/bergler-schloessl.com\/wp-content\/uploads\/2022\/10\/DSC04787-768x512.jpg 768w, http:\/\/bergler-schloessl.com\/wp-content\/uploads\/2022\/10\/DSC04787-1536x1024.jpg 1536w, http:\/\/bergler-schloessl.com\/wp-content\/uploads\/2022\/10\/DSC04787-2048x1366.jpg 2048w\" sizes=\"(max-width: 767px) 89vw, (max-width: 1000px) 54vw, (max-width: 1071px) 543px, 580px\" \/><\/a><figcaption>Familie Riedl &#8211; Baumann<\/figcaption><\/figure>\n\n\n\n<p><\/p>\n\n\n\n<p><\/p>\n\n\n\n<p><\/p>\n\n\n\n<!--more-->\n","protected":false},"excerpt":{"rendered":"<p>Unser \u201eBergler Schl\u00f6ssl\u201c liegt in Perbersdorfberg am Steinriegl am Fu\u00dfe der Weinwarte, die im Jahre 2004 von der Marktgemeinde St. Peter am Ottersbach errichtet wurde. In diesem Jahr er\u00f6ffneten wir auch unser Wirtshaus, das als Familienbetrieb gef\u00fchrt wird. Das Haus liegt inmitten von Weing\u00e4rten und kann neben dem Auto auch \u00fcber zwei Wanderwege erreicht werden, &hellip; <\/p>\n<p class=\"link-more\"><a href=\"http:\/\/bergler-schloessl.com\/?page_id=154\" class=\"more-link\">Continue reading<span class=\"screen-reader-text\"> &#8222;\u00dcber uns&#8220;<\/span><\/a><\/p>\n","protected":false},"author":1,"featured_media":0,"parent":0,"menu_order":0,"comment_status":"closed","ping_status":"closed","template":"","meta":[],"yoast_head":"<!-- This site is optimized with the Yoast SEO plugin v20.2.1 - https:\/\/yoast.com\/wordpress\/plugins\/seo\/ -->\n<title>\u00dcber uns - Das Bergler Schl\u00f6ssl<\/title>\n<meta name=\"robots\" content=\"index, follow, max-snippet:-1, max-image-preview:large, max-video-preview:-1\" \/>\n<link rel=\"canonical\" href=\"https:\/\/bergler-schloessl.com\/?page_id=154\" \/>\n<meta property=\"og:locale\" content=\"de_DE\" \/>\n<meta property=\"og:type\" content=\"article\" \/>\n<meta property=\"og:title\" content=\"\u00dcber uns - Das Bergler Schl\u00f6ssl\" \/>\n<meta property=\"og:description\" content=\"Unser \u201eBergler Schl\u00f6ssl\u201c liegt in Perbersdorfberg am Steinriegl am Fu\u00dfe der Weinwarte, die im Jahre 2004 von der Marktgemeinde St. Peter am Ottersbach errichtet wurde. In diesem Jahr er\u00f6ffneten wir auch unser Wirtshaus, das als Familienbetrieb gef\u00fchrt wird. Das Haus liegt inmitten von Weing\u00e4rten und kann neben dem Auto auch \u00fcber zwei Wanderwege erreicht werden, &hellip; Continue reading &quot;\u00dcber uns&quot;\" \/>\n<meta property=\"og:url\" content=\"https:\/\/bergler-schloessl.com\/?page_id=154\" \/>\n<meta property=\"og:site_name\" content=\"Das Bergler Schl\u00f6ssl\" \/>\n<meta property=\"article:modified_time\" content=\"2024-10-06T22:47:14+00:00\" \/>\n<meta property=\"og:image\" content=\"http:\/\/bergler-schloessl.com\/wp-content\/uploads\/2022\/10\/DSC04787-1024x683.jpg\" \/>\n<meta name=\"twitter:card\" content=\"summary_large_image\" \/>\n<meta name=\"twitter:label1\" content=\"Gesch\u00e4tzte Lesezeit\" \/>\n\t<meta name=\"twitter:data1\" content=\"1 Minute\" \/>\n<script type=\"application\/ld+json\" class=\"yoast-schema-graph\">{\"@context\":\"https:\/\/schema.org\",\"@graph\":[{\"@type\":\"WebPage\",\"@id\":\"https:\/\/bergler-schloessl.com\/?page_id=154\",\"url\":\"https:\/\/bergler-schloessl.com\/?page_id=154\",\"name\":\"\u00dcber uns - Das Bergler Schl\u00f6ssl\",\"isPartOf\":{\"@id\":\"https:\/\/bergler-schloessl.com\/#website\"},\"datePublished\":\"2022-10-23T21:30:26+00:00\",\"dateModified\":\"2024-10-06T22:47:14+00:00\",\"breadcrumb\":{\"@id\":\"https:\/\/bergler-schloessl.com\/?page_id=154#breadcrumb\"},\"inLanguage\":\"de-AT\",\"potentialAction\":[{\"@type\":\"ReadAction\",\"target\":[\"https:\/\/bergler-schloessl.com\/?page_id=154\"]}]},{\"@type\":\"BreadcrumbList\",\"@id\":\"https:\/\/bergler-schloessl.com\/?page_id=154#breadcrumb\",\"itemListElement\":[{\"@type\":\"ListItem\",\"position\":1,\"name\":\"Startseite\",\"item\":\"https:\/\/bergler-schloessl.com\/\"},{\"@type\":\"ListItem\",\"position\":2,\"name\":\"\u00dcber uns\"}]},{\"@type\":\"WebSite\",\"@id\":\"https:\/\/bergler-schloessl.com\/#website\",\"url\":\"https:\/\/bergler-schloessl.com\/\",\"name\":\"Das Bergler Schl\u00f6ssl\",\"description\":\"Kulinarik inmitten von Weinbergen und direkt neben der Aussichtswarte \",\"publisher\":{\"@id\":\"https:\/\/bergler-schloessl.com\/#organization\"},\"potentialAction\":[{\"@type\":\"SearchAction\",\"target\":{\"@type\":\"EntryPoint\",\"urlTemplate\":\"https:\/\/bergler-schloessl.com\/?s={search_term_string}\"},\"query-input\":\"required name=search_term_string\"}],\"inLanguage\":\"de-AT\"},{\"@type\":\"Organization\",\"@id\":\"https:\/\/bergler-schloessl.com\/#organization\",\"name\":\"Das Bergler Schl\u00f6ssl\",\"url\":\"https:\/\/bergler-schloessl.com\/\",\"logo\":{\"@type\":\"ImageObject\",\"inLanguage\":\"de-AT\",\"@id\":\"https:\/\/bergler-schloessl.com\/#\/schema\/logo\/image\/\",\"url\":\"http:\/\/bergler-schloessl.com\/wp-content\/uploads\/2022\/10\/cropped-Logo_BerglerSchloessl_schwarz.png\",\"contentUrl\":\"http:\/\/bergler-schloessl.com\/wp-content\/uploads\/2022\/10\/cropped-Logo_BerglerSchloessl_schwarz.png\",\"width\":286,\"height\":250,\"caption\":\"Das Bergler Schl\u00f6ssl\"},\"image\":{\"@id\":\"https:\/\/bergler-schloessl.com\/#\/schema\/logo\/image\/\"},\"sameAs\":[\"https:\/\/www.instagram.com\/bergler_schloessl\/\"]}]}<\/script>\n<!-- \/ Yoast SEO plugin. -->","yoast_head_json":{"title":"\u00dcber uns - Das Bergler Schl\u00f6ssl","robots":{"index":"index","follow":"follow","max-snippet":"max-snippet:-1","max-image-preview":"max-image-preview:large","max-video-preview":"max-video-preview:-1"},"canonical":"https:\/\/bergler-schloessl.com\/?page_id=154","og_locale":"de_DE","og_type":"article","og_title":"\u00dcber uns - Das Bergler Schl\u00f6ssl","og_description":"Unser \u201eBergler Schl\u00f6ssl\u201c liegt in Perbersdorfberg am Steinriegl am Fu\u00dfe der Weinwarte, die im Jahre 2004 von der Marktgemeinde St. Peter am Ottersbach errichtet wurde. In diesem Jahr er\u00f6ffneten wir auch unser Wirtshaus, das als Familienbetrieb gef\u00fchrt wird. Das Haus liegt inmitten von Weing\u00e4rten und kann neben dem Auto auch \u00fcber zwei Wanderwege erreicht werden, &hellip; Continue reading \"\u00dcber uns\"","og_url":"https:\/\/bergler-schloessl.com\/?page_id=154","og_site_name":"Das Bergler Schl\u00f6ssl","article_modified_time":"2024-10-06T22:47:14+00:00","og_image":[{"url":"http:\/\/bergler-schloessl.com\/wp-content\/uploads\/2022\/10\/DSC04787-1024x683.jpg"}],"twitter_card":"summary_large_image","twitter_misc":{"Gesch\u00e4tzte Lesezeit":"1 Minute"},"schema":{"@context":"https:\/\/schema.org","@graph":[{"@type":"WebPage","@id":"https:\/\/bergler-schloessl.com\/?page_id=154","url":"https:\/\/bergler-schloessl.com\/?page_id=154","name":"\u00dcber uns - Das Bergler Schl\u00f6ssl","isPartOf":{"@id":"https:\/\/bergler-schloessl.com\/#website"},"datePublished":"2022-10-23T21:30:26+00:00","dateModified":"2024-10-06T22:47:14+00:00","breadcrumb":{"@id":"https:\/\/bergler-schloessl.com\/?page_id=154#breadcrumb"},"inLanguage":"de-AT","potentialAction":[{"@type":"ReadAction","target":["https:\/\/bergler-schloessl.com\/?page_id=154"]}]},{"@type":"BreadcrumbList","@id":"https:\/\/bergler-schloessl.com\/?page_id=154#breadcrumb","itemListElement":[{"@type":"ListItem","position":1,"name":"Startseite","item":"https:\/\/bergler-schloessl.com\/"},{"@type":"ListItem","position":2,"name":"\u00dcber uns"}]},{"@type":"WebSite","@id":"https:\/\/bergler-schloessl.com\/#website","url":"https:\/\/bergler-schloessl.com\/","name":"Das Bergler Schl\u00f6ssl","description":"Kulinarik inmitten von Weinbergen und direkt neben der Aussichtswarte ","publisher":{"@id":"https:\/\/bergler-schloessl.com\/#organization"},"potentialAction":[{"@type":"SearchAction","target":{"@type":"EntryPoint","urlTemplate":"https:\/\/bergler-schloessl.com\/?s={search_term_string}"},"query-input":"required name=search_term_string"}],"inLanguage":"de-AT"},{"@type":"Organization","@id":"https:\/\/bergler-schloessl.com\/#organization","name":"Das Bergler Schl\u00f6ssl","url":"https:\/\/bergler-schloessl.com\/","logo":{"@type":"ImageObject","inLanguage":"de-AT","@id":"https:\/\/bergler-schloessl.com\/#\/schema\/logo\/image\/","url":"http:\/\/bergler-schloessl.com\/wp-content\/uploads\/2022\/10\/cropped-Logo_BerglerSchloessl_schwarz.png","contentUrl":"http:\/\/bergler-schloessl.com\/wp-content\/uploads\/2022\/10\/cropped-Logo_BerglerSchloessl_schwarz.png","width":286,"height":250,"caption":"Das Bergler Schl\u00f6ssl"},"image":{"@id":"https:\/\/bergler-schloessl.com\/#\/schema\/logo\/image\/"},"sameAs":["https:\/\/www.instagram.com\/bergler_schloessl\/"]}]}},"_links":{"self":[{"href":"http:\/\/bergler-schloessl.com\/index.php?rest_route=\/wp\/v2\/pages\/154"}],"collection":[{"href":"http:\/\/bergler-schloessl.com\/index.php?rest_route=\/wp\/v2\/pages"}],"about":[{"href":"http:\/\/bergler-schloessl.com\/index.php?rest_route=\/wp\/v2\/types\/page"}],"author":[{"embeddable":true,"href":"http:\/\/bergler-schloessl.com\/index.php?rest_route=\/wp\/v2\/users\/1"}],"replies":[{"embeddable":true,"href":"http:\/\/bergler-schloessl.com\/index.php?rest_route=%2Fwp%2Fv2%2Fcomments&post=154"}],"version-history":[{"count":14,"href":"http:\/\/bergler-schloessl.com\/index.php?rest_route=\/wp\/v2\/pages\/154\/revisions"}],"predecessor-version":[{"id":434,"href":"http:\/\/bergler-schloessl.com\/index.php?rest_route=\/wp\/v2\/pages\/154\/revisions\/434"}],"wp:attachment":[{"href":"http:\/\/bergler-schloessl.com\/index.php?rest_route=%2Fwp%2Fv2%2Fmedia&parent=154"}],"curies":[{"name":"wp","href":"https:\/\/api.w.org\/{rel}","templated":true}]}}